{"id":35,"date":"2025-03-19T09:33:13","date_gmt":"2025-03-19T14:33:13","guid":{"rendered":"https:\/\/siconline.co\/index.php\/our-story\/"},"modified":"2026-03-16T16:55:56","modified_gmt":"2026-03-16T21:55:56","slug":"blog","status":"publish","type":"page","link":"https:\/\/siconline.co\/blog\/","title":{"rendered":"Blog"},"content":{"rendered":"\t\t<div data-elementor-type=\"wp-page\" data-elementor-id=\"35\" class=\"elementor elementor-35\" data-elementor-post-type=\"page\">\n\t\t\t\t<div class=\"elementor-element elementor-element-3a0e1b64 e-flex e-con-boxed e-con e-parent\" data-id=\"3a0e1b64\" data-element_type=\"container\" data-e-type=\"container\">\n\t\t\t\t\t<div class=\"e-con-inner\">\n\t\t<div class=\"elementor-element elementor-element-6e8d5402 e-flex e-con-boxed e-con e-child\" data-id=\"6e8d5402\" data-element_type=\"container\" data-e-type=\"container\" data-settings=\"{&quot;background_background&quot;:&quot;classic&quot;}\">\n\t\t\t\t\t<div class=\"e-con-inner\">\n\t\t\t\t<div class=\"elementor-element elementor-element-7989cb46 elementor-widget elementor-widget-heading\" data-id=\"7989cb46\" data-element_type=\"widget\" data-e-type=\"widget\" data-widget_type=\"heading.default\">\n\t\t\t\t<div class=\"elementor-widget-container\">\n\t\t\t\t\t<h1 class=\"elementor-heading-title elementor-size-default\">Blog <\/h1>\t\t\t\t<\/div>\n\t\t\t\t<\/div>\n\t\t\t\t\t<\/div>\n\t\t\t\t<\/div>\n\t\t\t\t\t<\/div>\n\t\t\t\t<\/div>\n\t\t<div class=\"elementor-element elementor-element-38ce88bb e-flex e-con-boxed e-con e-parent\" data-id=\"38ce88bb\" data-element_type=\"container\" data-e-type=\"container\">\n\t\t\t\t\t<div class=\"e-con-inner\">\n\t\t\t\t<div class=\"elementor-element elementor-element-247aece3 elementor-posts__hover-none elementor-grid-3 elementor-grid-tablet-2 elementor-grid-mobile-1 elementor-posts--thumbnail-top elementor-widget elementor-widget-posts\" data-id=\"247aece3\" data-element_type=\"widget\" data-e-type=\"widget\" data-settings=\"{&quot;cards_row_gap&quot;:{&quot;unit&quot;:&quot;px&quot;,&quot;size&quot;:80,&quot;sizes&quot;:[]},&quot;cards_row_gap_tablet&quot;:{&quot;unit&quot;:&quot;px&quot;,&quot;size&quot;:71,&quot;sizes&quot;:[]},&quot;cards_row_gap_mobile&quot;:{&quot;unit&quot;:&quot;px&quot;,&quot;size&quot;:30,&quot;sizes&quot;:[]},&quot;cards_columns&quot;:&quot;3&quot;,&quot;cards_columns_tablet&quot;:&quot;2&quot;,&quot;cards_columns_mobile&quot;:&quot;1&quot;}\" data-widget_type=\"posts.cards\">\n\t\t\t\t<div class=\"elementor-widget-container\">\n\t\t\t\t\t\t\t<div class=\"elementor-posts-container elementor-posts elementor-posts--skin-cards elementor-grid\" role=\"list\">\n\t\t\t\t<article class=\"elementor-post elementor-grid-item post-681 post type-post status-publish format-standard has-post-thumbnail hentry category-historias-sic\" role=\"listitem\">\n\t\t\t<div class=\"elementor-post__card\">\n\t\t\t\t<a class=\"elementor-post__thumbnail__link\" href=\"https:\/\/siconline.co\/reconectando-vidas-la-historia-de-resiliencia-de-yesid\/\" tabindex=\"-1\" ><div class=\"elementor-post__thumbnail\"><img fetchpriority=\"high\" decoding=\"async\" width=\"770\" height=\"470\" src=\"https:\/\/siconline.co\/wp-content\/uploads\/2025\/04\/Banner-blog1-Online.png\" class=\"attachment-full size-full wp-image-683\" alt=\"\" srcset=\"https:\/\/siconline.co\/wp-content\/uploads\/2025\/04\/Banner-blog1-Online.png 770w, https:\/\/siconline.co\/wp-content\/uploads\/2025\/04\/Banner-blog1-Online-300x183.png 300w, https:\/\/siconline.co\/wp-content\/uploads\/2025\/04\/Banner-blog1-Online-768x469.png 768w\" sizes=\"(max-width: 770px) 100vw, 770px\" \/><\/div><\/a>\n\t\t\t\t<div class=\"elementor-post__text\">\n\t\t\t\t<h4 class=\"elementor-post__title\">\n\t\t\t<a href=\"https:\/\/siconline.co\/reconectando-vidas-la-historia-de-resiliencia-de-yesid\/\" >\n\t\t\t\tReconectando Vidas: La Historia de Resiliencia de Yesid\t\t\t<\/a>\n\t\t<\/h4>\n\t\t\t\t<div class=\"elementor-post__excerpt\">\n\t\t\t<p>Un d\u00eda soleado, coincidiendo con su cumplea\u00f1os, Yesid, un t\u00e9cnico en telecomunicaciones de SicOnline, la principal proveedora de internet en<\/p>\n\t\t<\/div>\n\t\t\n\t\t<a class=\"elementor-post__read-more\" href=\"https:\/\/siconline.co\/reconectando-vidas-la-historia-de-resiliencia-de-yesid\/\" aria-label=\"Read more about Reconectando Vidas: La Historia de Resiliencia de Yesid\" tabindex=\"-1\" >\n\t\t\tLeer m\u00e1s\t\t<\/a>\n\n\t\t\t\t<\/div>\n\t\t\t\t\t<\/div>\n\t\t<\/article>\n\t\t\t\t<\/div>\n\t\t\n\t\t\t\t\t\t<\/div>\n\t\t\t\t<\/div>\n\t\t\t\t\t<\/div>\n\t\t\t\t<\/div>\n\t\t\t\t<\/div>\n\t\t","protected":false},"excerpt":{"rendered":"<p>Blog<\/p>\n","protected":false},"author":3,"featured_media":0,"parent":0,"menu_order":0,"comment_status":"closed","ping_status":"closed","template":"elementor_header_footer","meta":{"_joinchat":[],"footnotes":""},"class_list":["post-35","page","type-page","status-publish","hentry"],"_links":{"self":[{"href":"https:\/\/siconline.co\/wp-json\/wp\/v2\/pages\/35","targetHints":{"allow":["GET"]}}],"collection":[{"href":"https:\/\/siconline.co\/wp-json\/wp\/v2\/pages"}],"about":[{"href":"https:\/\/siconline.co\/wp-json\/wp\/v2\/types\/page"}],"author":[{"embeddable":true,"href":"https:\/\/siconline.co\/wp-json\/wp\/v2\/users\/3"}],"replies":[{"embeddable":true,"href":"https:\/\/siconline.co\/wp-json\/wp\/v2\/comments?post=35"}],"version-history":[{"count":6,"href":"https:\/\/siconline.co\/wp-json\/wp\/v2\/pages\/35\/revisions"}],"predecessor-version":[{"id":1169,"href":"https:\/\/siconline.co\/wp-json\/wp\/v2\/pages\/35\/revisions\/1169"}],"wp:attachment":[{"href":"https:\/\/siconline.co\/wp-json\/wp\/v2\/media?parent=35"}],"curies":[{"name":"wp","href":"https:\/\/api.w.org\/{rel}","templated":true}]}}